{"id":296,"date":"2025-10-23T09:05:18","date_gmt":"2025-10-23T07:05:18","guid":{"rendered":"https:\/\/ronquieresfestival.be\/contact\/"},"modified":"2026-04-09T15:21:14","modified_gmt":"2026-04-09T13:21:14","slug":"contact","status":"publish","type":"page","link":"https:\/\/ronquieresfestival.be\/en\/contact\/","title":{"rendered":"Contact"},"content":{"rendered":"<p>RF PROD srl<\/p>\n<p>Boulevard de la Sauveni\u00e8re, 118<\/p>\n<p>4000 LIEGE<\/p>\n<p>04 340 30 80<\/p>\n<p>Num\u00e9ro d\u2019entreprise\u00a0\/ TVA\u00a0: BE 0441.777.590<\/p>\n<p>General : \u00a0<a href=\"mailto:info@ronquieresfestival.be\">info@ronquieresfestival.be<\/a><\/p>\n","protected":false},"excerpt":{"rendered":"<p>RF PROD srl Boulevard de la Sauveni\u00e8re, 118 4000 LIEGE 04 340 30 80 Num\u00e9ro d\u2019entreprise\u00a0\/ TVA\u00a0: BE 0441.777.590 General : \u00a0info@ronquieresfestival.be<\/p>\n","protected":false},"author":1,"featured_media":0,"parent":0,"menu_order":26,"comment_status":"closed","ping_status":"closed","template":"","meta":{"_acf_changed":false,"inline_featured_image":false,"footnotes":""},"class_list":["post-296","page","type-page","status-publish","hentry"],"acf":[],"yoast_head":"<title>Contact &#8226; Ronqui\u00e8res festival<\/title>\n<meta name=\"robots\" content=\"index, follow, max-snippet:-1, max-image-preview:large, max-video-preview:-1\" \/>\n<link rel=\"canonical\" href=\"https:\/\/ronquieresfestival.be\/en\/contact\/\" \/>\n<meta property=\"og:locale\" content=\"en_US\" \/>\n<meta property=\"og:type\" content=\"article\" \/>\n<meta property=\"og:title\" content=\"Contact &#8226; Ronqui\u00e8res festival\" \/>\n<meta property=\"og:description\" content=\"RF PROD srl Boulevard de la Sauveni\u00e8re, 118 4000 LIEGE 04 340 30 80 Num\u00e9ro d\u2019entreprise\u00a0\/ TVA\u00a0: BE 0441.777.590 General : \u00a0info@ronquieresfestival.be\" \/>\n<meta property=\"og:url\" content=\"https:\/\/ronquieresfestival.be\/en\/contact\/\" \/>\n<meta property=\"og:site_name\" content=\"Ronqui\u00e8res festival\" \/>\n<meta property=\"article:publisher\" content=\"https:\/\/www.facebook.com\/ronquieresfestival\" \/>\n<meta property=\"article:modified_time\" content=\"2026-04-09T13:21:14+00:00\" \/>\n<meta property=\"og:image\" content=\"https:\/\/ronquieresfestival.be\/wp-content\/uploads\/2026\/04\/PartageRonquieres.jpg\" \/>\n\t<meta property=\"og:image:width\" content=\"1200\" \/>\n\t<meta property=\"og:image:height\" content=\"675\" \/>\n\t<meta property=\"og:image:type\" content=\"image\/jpeg\" \/>\n<meta name=\"twitter:card\" content=\"summary_large_image\" \/>\n<meta name=\"twitter:site\" content=\"@ronquieres\" \/>\n<meta name=\"twitter:label1\" content=\"Est. reading time\" \/>\n\t<meta name=\"twitter:data1\" content=\"1 minute\" \/>\n<script type=\"application\/ld+json\" class=\"yoast-schema-graph\">{\"@context\":\"https:\\\/\\\/schema.org\",\"@graph\":[{\"@type\":\"WebPage\",\"@id\":\"https:\\\/\\\/ronquieresfestival.be\\\/en\\\/contact\\\/\",\"url\":\"https:\\\/\\\/ronquieresfestival.be\\\/en\\\/contact\\\/\",\"name\":\"Contact &#8226; Ronqui\u00e8res festival\",\"isPartOf\":{\"@id\":\"https:\\\/\\\/ronquieresfestival.be\\\/en\\\/#website\"},\"datePublished\":\"2025-10-23T07:05:18+00:00\",\"dateModified\":\"2026-04-09T13:21:14+00:00\",\"breadcrumb\":{\"@id\":\"https:\\\/\\\/ronquieresfestival.be\\\/en\\\/contact\\\/#breadcrumb\"},\"inLanguage\":\"en-US\",\"potentialAction\":[{\"@type\":\"ReadAction\",\"target\":[\"https:\\\/\\\/ronquieresfestival.be\\\/en\\\/contact\\\/\"]}]},{\"@type\":\"BreadcrumbList\",\"@id\":\"https:\\\/\\\/ronquieresfestival.be\\\/en\\\/contact\\\/#breadcrumb\",\"itemListElement\":[{\"@type\":\"ListItem\",\"position\":1,\"name\":\"Accueil\",\"item\":\"https:\\\/\\\/ronquieresfestival.be\\\/en\\\/\"},{\"@type\":\"ListItem\",\"position\":2,\"name\":\"Contact\"}]},{\"@type\":\"WebSite\",\"@id\":\"https:\\\/\\\/ronquieresfestival.be\\\/en\\\/#website\",\"url\":\"https:\\\/\\\/ronquieresfestival.be\\\/en\\\/\",\"name\":\"Ronqui\u00e8res festival\",\"description\":\"7-8-9 AO\u00dbT 2026\",\"publisher\":{\"@id\":\"https:\\\/\\\/ronquieresfestival.be\\\/en\\\/#organization\"},\"potentialAction\":[{\"@type\":\"SearchAction\",\"target\":{\"@type\":\"EntryPoint\",\"urlTemplate\":\"https:\\\/\\\/ronquieresfestival.be\\\/en\\\/?s={search_term_string}\"},\"query-input\":{\"@type\":\"PropertyValueSpecification\",\"valueRequired\":true,\"valueName\":\"search_term_string\"}}],\"inLanguage\":\"en-US\"},{\"@type\":\"Organization\",\"@id\":\"https:\\\/\\\/ronquieresfestival.be\\\/en\\\/#organization\",\"name\":\"Les Ardentes\",\"url\":\"https:\\\/\\\/ronquieresfestival.be\\\/en\\\/\",\"logo\":{\"@type\":\"ImageObject\",\"inLanguage\":\"en-US\",\"@id\":\"https:\\\/\\\/ronquieresfestival.be\\\/en\\\/#\\\/schema\\\/logo\\\/image\\\/\",\"url\":\"https:\\\/\\\/ronquiere.scalp.dev\\\/wp-content\\\/uploads\\\/2025\\\/11\\\/partage.png\",\"contentUrl\":\"https:\\\/\\\/ronquiere.scalp.dev\\\/wp-content\\\/uploads\\\/2025\\\/11\\\/partage.png\",\"width\":1200,\"height\":630,\"caption\":\"Les Ardentes\"},\"image\":{\"@id\":\"https:\\\/\\\/ronquieresfestival.be\\\/en\\\/#\\\/schema\\\/logo\\\/image\\\/\"},\"sameAs\":[\"https:\\\/\\\/www.facebook.com\\\/ronquieresfestival\",\"https:\\\/\\\/x.com\\\/ronquieres\"]}]}<\/script>","yoast_head_json":{"title":"Contact &#8226; Ronqui\u00e8res festival","robots":{"index":"index","follow":"follow","max-snippet":"max-snippet:-1","max-image-preview":"max-image-preview:large","max-video-preview":"max-video-preview:-1"},"canonical":"https:\/\/ronquieresfestival.be\/en\/contact\/","og_locale":"en_US","og_type":"article","og_title":"Contact &#8226; Ronqui\u00e8res festival","og_description":"RF PROD srl Boulevard de la Sauveni\u00e8re, 118 4000 LIEGE 04 340 30 80 Num\u00e9ro d\u2019entreprise\u00a0\/ TVA\u00a0: BE 0441.777.590 General : \u00a0info@ronquieresfestival.be","og_url":"https:\/\/ronquieresfestival.be\/en\/contact\/","og_site_name":"Ronqui\u00e8res festival","article_publisher":"https:\/\/www.facebook.com\/ronquieresfestival","article_modified_time":"2026-04-09T13:21:14+00:00","og_image":[{"width":1200,"height":675,"url":"https:\/\/ronquieresfestival.be\/wp-content\/uploads\/2026\/04\/PartageRonquieres.jpg","type":"image\/jpeg"}],"twitter_card":"summary_large_image","twitter_site":"@ronquieres","twitter_misc":{"Est. reading time":"1 minute"},"schema":{"@context":"https:\/\/schema.org","@graph":[{"@type":"WebPage","@id":"https:\/\/ronquieresfestival.be\/en\/contact\/","url":"https:\/\/ronquieresfestival.be\/en\/contact\/","name":"Contact &#8226; Ronqui\u00e8res festival","isPartOf":{"@id":"https:\/\/ronquieresfestival.be\/en\/#website"},"datePublished":"2025-10-23T07:05:18+00:00","dateModified":"2026-04-09T13:21:14+00:00","breadcrumb":{"@id":"https:\/\/ronquieresfestival.be\/en\/contact\/#breadcrumb"},"inLanguage":"en-US","potentialAction":[{"@type":"ReadAction","target":["https:\/\/ronquieresfestival.be\/en\/contact\/"]}]},{"@type":"BreadcrumbList","@id":"https:\/\/ronquieresfestival.be\/en\/contact\/#breadcrumb","itemListElement":[{"@type":"ListItem","position":1,"name":"Accueil","item":"https:\/\/ronquieresfestival.be\/en\/"},{"@type":"ListItem","position":2,"name":"Contact"}]},{"@type":"WebSite","@id":"https:\/\/ronquieresfestival.be\/en\/#website","url":"https:\/\/ronquieresfestival.be\/en\/","name":"Ronqui\u00e8res festival","description":"7-8-9 AO\u00dbT 2026","publisher":{"@id":"https:\/\/ronquieresfestival.be\/en\/#organization"},"potentialAction":[{"@type":"SearchAction","target":{"@type":"EntryPoint","urlTemplate":"https:\/\/ronquieresfestival.be\/en\/?s={search_term_string}"},"query-input":{"@type":"PropertyValueSpecification","valueRequired":true,"valueName":"search_term_string"}}],"inLanguage":"en-US"},{"@type":"Organization","@id":"https:\/\/ronquieresfestival.be\/en\/#organization","name":"Les Ardentes","url":"https:\/\/ronquieresfestival.be\/en\/","logo":{"@type":"ImageObject","inLanguage":"en-US","@id":"https:\/\/ronquieresfestival.be\/en\/#\/schema\/logo\/image\/","url":"https:\/\/ronquiere.scalp.dev\/wp-content\/uploads\/2025\/11\/partage.png","contentUrl":"https:\/\/ronquiere.scalp.dev\/wp-content\/uploads\/2025\/11\/partage.png","width":1200,"height":630,"caption":"Les Ardentes"},"image":{"@id":"https:\/\/ronquieresfestival.be\/en\/#\/schema\/logo\/image\/"},"sameAs":["https:\/\/www.facebook.com\/ronquieresfestival","https:\/\/x.com\/ronquieres"]}]}},"_links":{"self":[{"href":"https:\/\/ronquieresfestival.be\/en\/wp-json\/wp\/v2\/pages\/296","targetHints":{"allow":["GET"]}}],"collection":[{"href":"https:\/\/ronquieresfestival.be\/en\/wp-json\/wp\/v2\/pages"}],"about":[{"href":"https:\/\/ronquieresfestival.be\/en\/wp-json\/wp\/v2\/types\/page"}],"author":[{"embeddable":true,"href":"https:\/\/ronquieresfestival.be\/en\/wp-json\/wp\/v2\/users\/1"}],"replies":[{"embeddable":true,"href":"https:\/\/ronquieresfestival.be\/en\/wp-json\/wp\/v2\/comments?post=296"}],"version-history":[{"count":1,"href":"https:\/\/ronquieresfestival.be\/en\/wp-json\/wp\/v2\/pages\/296\/revisions"}],"predecessor-version":[{"id":2120,"href":"https:\/\/ronquieresfestival.be\/en\/wp-json\/wp\/v2\/pages\/296\/revisions\/2120"}],"wp:attachment":[{"href":"https:\/\/ronquieresfestival.be\/en\/wp-json\/wp\/v2\/media?parent=296"}],"curies":[{"name":"wp","href":"https:\/\/api.w.org\/{rel}","templated":true}]}}